{"id":1104,"date":"2023-01-18T18:32:46","date_gmt":"2023-01-18T16:32:46","guid":{"rendered":"https:\/\/operaatiolibero.fi\/?page_id=1104"},"modified":"2024-04-16T19:28:49","modified_gmt":"2024-04-16T16:28:49","slug":"liity-jaseneksi","status":"publish","type":"page","link":"https:\/\/operaatiolibero.fi\/index.php\/liity-jaseneksi\/","title":{"rendered":"Liity j\u00e4seneksi"},"content":{"rendered":"<style>.kb-row-layout-id1104_d8d3c7-87 > .kt-row-column-wrap{align-content:start;}:where(.kb-row-layout-id1104_d8d3c7-87 > .kt-row-column-wrap) > .wp-block-kadence-column{justify-content:start;}.kb-row-layout-id1104_d8d3c7-87 > .kt-row-column-wrap{column-gap:var(--global-kb-gap-md, 2rem);row-gap:var(--global-kb-gap-md, 2rem);padding-top:var(--global-kb-spacing-sm, 1.5rem);padding-bottom:var(--global-kb-spacing-sm, 1.5rem);grid-template-columns:minmax(0, 1fr);}.kb-row-layout-id1104_d8d3c7-87 > .kt-row-layout-overlay{opacity:0.30;}@media all and (max-width: 1024px){.kb-row-layout-id1104_d8d3c7-87 > .kt-row-column-wrap{grid-template-columns:minmax(0, 1fr);}}@media all and (max-width: 767px){.kb-row-layout-id1104_d8d3c7-87 > .kt-row-column-wrap{grid-template-columns:minmax(0, 1fr);}}<\/style><div class=\"kb-row-layout-wrap kb-row-layout-id1104_d8d3c7-87 alignnone wp-block-kadence-rowlayout\"><div class=\"kt-row-column-wrap kt-has-1-columns kt-row-layout-equal kt-tab-layout-inherit kt-mobile-layout-row kt-row-valign-top\">\n<style>.kadence-column1104_6f27dd-c3 > .kt-inside-inner-col,.kadence-column1104_6f27dd-c3 > .kt-inside-inner-col:before{border-top-left-radius:0px;border-top-right-radius:0px;border-bottom-right-radius:0px;border-bottom-left-radius:0px;}.kadence-column1104_6f27dd-c3 > .kt-inside-inner-col:before{opacity:0.3;}.kadence-column1104_6f27dd-c3{position:relative;}<\/style>\n<div class=\"wp-block-kadence-column kadence-column1104_6f27dd-c3 inner-column-1\"><div class=\"kt-inside-inner-col\"><style>.kadence-form-1104_99e12e-99 .kb-form .kadence-blocks-form-field .kb-text-style-field, .kadence-form-1104_99e12e-99 .kb-form .kadence-blocks-form-field .kb-select-style-field{color:#040037;border-width:0px 0px 2px 0px;background:#ffffff;border-color:#d24595;}.kadence-form-1104_99e12e-99 .kb-form .kadence-blocks-form-field .kb-forms-submit{color:#ffffff;border-radius:50px;}.kadence-form-1104_99e12e-99 .kb-form .kadence-blocks-form-field .kb-forms-submit{letter-spacing:1px;text-transform:uppercase;}<\/style>\n<div class=\"wp-block-kadence-form kadence-form-1104_99e12e-99 kb-form-wrap\"><form class=\"kb-form\" action=\"\" method=\"post\"><div class=\"kadence-blocks-form-field kb-field-desk-width-50 kb-input-size-standard\"><label for=\"kb_field_1104_99e12e-99_0\">Etunimi<span class=\"required\">*<\/span><\/label><input name=\"kb_field_0\" id=\"kb_field_1104_99e12e-99_0\" data-label=\"Etunimi\" type=\"text\" placeholder=\"\" value=\"\" data-type=\"text\" class=\"kb-field kb-text-style-field kb-text-field kb-field-0\" data-required=\"yes\" data-required-message=\"Etunimi on pakollinen kentt\u00e4\"\/><\/div><div class=\"kadence-blocks-form-field kb-form-field-1 kb-field-desk-width-50 kb-input-size-standard\"><label for=\"kb_field_1104_99e12e-99_1\">Sukunimi<span class=\"required\">*<\/span><\/label><input name=\"kb_field_1\" id=\"kb_field_1104_99e12e-99_1\" data-label=\"Sukunimi\" type=\"text\" placeholder=\"\" value=\"\" data-type=\"text\" class=\"kb-field kb-text-style-field kb-text-field kb-field-1\" data-required=\"yes\" data-required-message=\"Sukunimi on pakollinen kentt\u00e4\"\/><\/div><div class=\"kadence-blocks-form-field kb-form-field-2 kb-field-desk-width-100 kb-input-size-standard\"><label for=\"kb_field_1104_99e12e-99_2\">Katuosoite<span class=\"required\">*<\/span><\/label><input name=\"kb_field_2\" id=\"kb_field_1104_99e12e-99_2\" data-label=\"Katuosoite\" type=\"text\" placeholder=\"\" value=\"\" data-type=\"text\" class=\"kb-field kb-text-style-field kb-text-field kb-field-2\" data-required=\"yes\" data-required-message=\"Katuosoite on pakollinen kentt\u00e4\"\/><\/div><div class=\"kadence-blocks-form-field kb-form-field-3 kb-field-desk-width-33 kb-input-size-standard\"><label for=\"kb_field_1104_99e12e-99_3\">Postinumero<span class=\"required\">*<\/span><\/label><input name=\"kb_field_3\" id=\"kb_field_1104_99e12e-99_3\" data-label=\"Postinumero\" type=\"text\" placeholder=\"\" value=\"\" data-type=\"text\" class=\"kb-field kb-text-style-field kb-text-field kb-field-3\" data-required=\"yes\" data-required-message=\"Postinumero on pakollinen kentt\u00e4\"\/><\/div><div class=\"kadence-blocks-form-field kb-form-field-4 kb-field-desk-width-66 kb-input-size-standard\"><label for=\"kb_field_1104_99e12e-99_4\">Postitoimipaikka<span class=\"required\">*<\/span><\/label><input name=\"kb_field_4\" id=\"kb_field_1104_99e12e-99_4\" data-label=\"Postitoimipaikka\" type=\"text\" placeholder=\"\" value=\"\" data-type=\"text\" class=\"kb-field kb-text-style-field kb-text-field kb-field-4\" data-required=\"yes\" data-required-message=\"Postitoimipaikka on pakollinen kentt\u00e4\"\/><\/div><div class=\"kadence-blocks-form-field kb-form-field-5 kb-field-desk-width-25 kb-field-tablet-width-50 kb-input-size-standard\"><label for=\"kb_field_1104_99e12e-99_5\">Maa, jollei Suomi<\/label><input name=\"kb_field_5\" id=\"kb_field_1104_99e12e-99_5\" data-label=\"Maa, jollei Suomi\" type=\"text\" placeholder=\"\" value=\"\" data-type=\"text\" class=\"kb-field kb-text-style-field kb-text-field kb-field-5\"\/><\/div><div class=\"kadence-blocks-form-field kb-form-field-6 kb-field-desk-width-25 kb-field-tablet-width-50 kb-input-size-standard\"><label for=\"kb_field_1104_99e12e-99_6\">Puh.<span class=\"required\">*<\/span><\/label><input name=\"kb_field_6\" id=\"kb_field_1104_99e12e-99_6\" data-label=\"Puh.\" type=\"tel\" placeholder=\"\" value=\"\" data-type=\"tel\" class=\"kb-field kb-text-style-field kb-tel-field kb-field-6\" data-required=\"yes\" data-required-message=\"Puh. on pakollinen kentt\u00e4\"\/><\/div><div class=\"kadence-blocks-form-field kb-form-field-7 kb-field-desk-width-50 kb-field-tablet-width-100 kb-input-size-standard\"><label for=\"kb_field_1104_99e12e-99_7\">Email<span class=\"required\">*<\/span><\/label><input name=\"kb_field_7\" id=\"kb_field_1104_99e12e-99_7\" data-label=\"Email\" type=\"email\" placeholder=\"\" value=\"\" data-type=\"email\" class=\"kb-field kb-text-style-field kb-email-field kb-field-7\" data-required=\"yes\" data-required-message=\"Email on pakollinen kentt\u00e4\" data-validation-message=\"Email ei ole validi\"\/><\/div><div class=\"kadence-blocks-form-field kb-form-field-8 kb-field-desk-width-33 kb-field-tablet-width-50 kb-input-size-standard kb-accept-form-field\"><a href=\"https:\/\/operaatiolibero.fi\/index.php\/tietosuojaseloste-2\/\" target=\"_blank\" rel=\"noopener noreferrer\" class=\"kb-accept-link\">Tietosuojaseloste<\/a><input type=\"checkbox\" name=\"kb_field_8\" id=\"kb_field_1104_99e12e-99_8\" class=\"kb-field kb-checkbox-style kb-accept\" value=\"accept\" data-type=\"accept\" data-required=\"yes\" data-required-message=\"Sinun on hyv\u00e4ksytt\u00e4v\u00e4 tietosuojaseloste\"\/><label for=\"kb_field_1104_99e12e-99_8\">Hyv\u00e4ksyn tietosuojaselosteen<span class=\"required\">*<\/span><\/label><\/div><div class=\"kadence-blocks-form-field kb-form-field-9 kb-field-desk-width-33 kb-field-tablet-width-50 kb-input-size-standard\"><label for=\"kb_field_1104_99e12e-99_9\">Haluan liitty\u00e4&#8230;<span class=\"required\">*<\/span><\/label><div data-type=\"radio\" data-label=\"Haluan liitty\u00e4...\" id=\"kb_field_1104_99e12e-99_9\" class=\"kb-field kb-radio-style-field kb-radio-field kb-field-9 kb-radio-style-normal\" data-required=\"yes\" data-required-message=\"Sinun on valittava j\u00e4senyyden tyyppi\"><div data-type=\"radio\" class=\"kb-radio-item kb-radio-item-0\"><input type=\"radio\" name=\"kb_field_9[]\" id=\"kb_field_9_0\" class=\"kb-sub-field kb-radio-style\" value=\"Tavalliseksi j\u00e4seneksi (20 e)\"\/><label for=\"kb_field_9_0\">Tavalliseksi j\u00e4seneksi (20 e)<\/label><\/div><div data-type=\"radio\" class=\"kb-radio-item kb-radio-item-1\"><input type=\"radio\" name=\"kb_field_9[]\" id=\"kb_field_9_1\" class=\"kb-sub-field kb-radio-style\" value=\"Kannatusj\u00e4seneksi (20 e)\"\/><label for=\"kb_field_9_1\">Kannatusj\u00e4seneksi (20 e)<\/label><\/div><\/div><\/div><div class=\"kadence-blocks-form-field kb-form-field-10 kb-field-desk-width-33 kb-field-tablet-width-50 kb-input-size-standard kb-accept-form-field\"><input type=\"checkbox\" name=\"kb_field_10\" id=\"kb_field_1104_99e12e-99_10\" class=\"kb-field kb-checkbox-style kb-accept\" value=\"accept\" data-type=\"accept\"\/><label for=\"kb_field_1104_99e12e-99_10\">Haluan uutiskirjeit\u00e4 s\u00e4hk\u00f6postitse<\/label><\/div><div class=\"kadence-blocks-form-field kb-form-field-11 kb-field-desk-width-100 kb-input-size-standard\"><label for=\"kb_field_1104_99e12e-99_11\">Mik\u00e4 Liberon toiminnassa kiinnostaa? Miten sen arvot vastaavat omiasi? Miten haluaisit osallistua Liberon toimintaan?<span class=\"required\">*<\/span><\/label><textarea name=\"kb_field_11\" id=\"kb_field_1104_99e12e-99_11\" data-label=\"Mik\u00e4 Liberon toiminnassa kiinnostaa? Miten sen arvot vastaavat omiasi? Miten haluaisit osallistua Liberon toimintaan?\" type=\"textarea\" placeholder=\"\" data-type=\"textarea\" class=\"kb-field kb-text-style-field kb-textarea-field kb-field-11\" rows=\"6\" data-required=\"yes\" data-required-message=\"Liittymiskysymykseen vastaaminen on pakollista\"><\/textarea><\/div><div class=\"kadence-blocks-form-field kb-form-field-12 kb-field-desk-width-100 kb-input-size-standard kb-accept-form-field\"><input type=\"checkbox\" name=\"kb_field_12\" id=\"kb_field_1104_99e12e-99_12\" class=\"kb-field kb-checkbox-style kb-accept\" value=\"accept\" data-type=\"accept\"\/><label for=\"kb_field_1104_99e12e-99_12\">Haluan liitty\u00e4 paikallistoimintaan<\/label><\/div><input type=\"hidden\" name=\"_kb_form_id\" value=\"1104_99e12e-99\"\/><input type=\"hidden\" name=\"_kb_form_post_id\" value=\"1104\"\/><input type=\"hidden\" name=\"action\" value=\"kb_process_ajax_submit\"\/><input class=\"kadence-blocks-field verify\" type=\"text\" name=\"_kb_verify_email\" autocomplete=\"new-password\" aria-hidden=\"true\" placeholder=\"Email\" tabindex=\"-1\" data-1p-ignore=\"true\" data-lpignore=\"true\" \/><div class=\"kadence-blocks-form-field kb-submit-field kb-field-desk-width-100\"><button class=\"kb-forms-submit button kb-button-size-standard kb-button-width-full\">Submit<\/button><\/div><\/form><\/div>\n<noscript><div class=\"kadence-blocks-form-message kadence-blocks-form-warning\">Please enable JavaScript in your browser to submit the form<\/div><style>.kadence-form-1104_99e12e-99 .kadence-blocks-form-field.kb-submit-field { display: none; }<\/style><\/noscript><\/div><\/div>\n\n<\/div><\/div>","protected":false},"excerpt":{"rendered":"","protected":false},"author":1,"featured_media":0,"parent":0,"menu_order":0,"comment_status":"closed","ping_status":"closed","template":"","meta":{"_kad_post_transparent":"","_kad_post_title":"","_kad_post_layout":"","_kad_post_sidebar_id":"","_kad_post_content_style":"","_kad_post_vertical_padding":"","_kad_post_feature":"","_kad_post_feature_position":"","_kad_post_header":false,"_kad_post_footer":false,"footnotes":""},"class_list":["post-1104","page","type-page","status-publish","hentry"],"_links":{"self":[{"href":"https:\/\/operaatiolibero.fi\/index.php\/wp-json\/wp\/v2\/pages\/1104","targetHints":{"allow":["GET"]}}],"collection":[{"href":"https:\/\/operaatiolibero.fi\/index.php\/wp-json\/wp\/v2\/pages"}],"about":[{"href":"https:\/\/operaatiolibero.fi\/index.php\/wp-json\/wp\/v2\/types\/page"}],"author":[{"embeddable":true,"href":"https:\/\/operaatiolibero.fi\/index.php\/wp-json\/wp\/v2\/users\/1"}],"replies":[{"embeddable":true,"href":"https:\/\/operaatiolibero.fi\/index.php\/wp-json\/wp\/v2\/comments?post=1104"}],"version-history":[{"count":8,"href":"https:\/\/operaatiolibero.fi\/index.php\/wp-json\/wp\/v2\/pages\/1104\/revisions"}],"predecessor-version":[{"id":1193,"href":"https:\/\/operaatiolibero.fi\/index.php\/wp-json\/wp\/v2\/pages\/1104\/revisions\/1193"}],"wp:attachment":[{"href":"https:\/\/operaatiolibero.fi\/index.php\/wp-json\/wp\/v2\/media?parent=1104"}],"curies":[{"name":"wp","href":"https:\/\/api.w.org\/{rel}","templated":true}]}}